{"id":2207,"date":"2022-07-04T07:23:51","date_gmt":"2022-07-04T07:23:51","guid":{"rendered":"https:\/\/ellanat.com\/?page_id=2207"},"modified":"2026-01-20T06:17:25","modified_gmt":"2026-01-20T06:17:25","slug":"faq","status":"publish","type":"page","link":"https:\/\/ellanat.com\/de\/faq\/","title":{"rendered":"FAQ"},"content":{"rendered":"<div data-elementor-type=\"wp-page\" data-elementor-id=\"2207\" class=\"elementor elementor-2207\">\n\t\t\t\t\t\t<section class=\"elementor-section elementor-top-section elementor-element elementor-element-0e24f2b elementor-section-boxed elementor-section-height-default elementor-section-height-default rt-parallax-bg-no\" data-id=\"0e24f2b\" data-element_type=\"section\" data-settings=\"{&quot;background_background&quot;:&quot;classic&quot;}\">\n\t\t\t\t\t\t<div class=\"elementor-container elementor-column-gap-default\">\n\t\t\t\t\t<div class=\"elementor-column elementor-col-100 elementor-top-column elementor-element elementor-element-d6ba0fd\" data-id=\"d6ba0fd\" data-element_type=\"column\">\n\t\t\t<div class=\"elementor-widget-wrap elementor-element-populated\">\n\t\t\t\t\t\t<div class=\"elementor-element elementor-element-ec8b882 elementor-widget elementor-widget-rt-accordion\" data-id=\"ec8b882\" data-element_type=\"widget\" data-widget_type=\"rt-accordion.default\">\n\t\t\t\t<div class=\"elementor-widget-container\">\n\t\t\t\t\t<div class=\"faq-box\">\r\n    <div class=\"panel-group\" id=\"rtaccordion-1\">\r\n                <div class=\"panel panel-default\">\r\n            <div class=\"panel-heading\" id=\"headingwhatisellanat\">\r\n                <button class=\"accordion-button collapsed right\" type=\"button\" data-bs-toggle=\"collapse\"\r\n                    data-bs-target=\"#collapsewhatisellanat\" aria-expanded=\"true\" aria-controls=\"collapsewhatisellanat\">\r\n                    Was ist Ellanat?                                            <span class=\"rtin-accordion-icon\">\r\n                            <span class=\"rtin-icon rt-icon-closed\">\r\n                                                                    <i aria-hidden=\"true\" class=\"flaticon-down-arrow\"><\/i>                                                            <\/span>\r\n                        \r\n                            <span class=\"rtin-icon rt-icon-opened\">\r\n                                                                    <i aria-hidden=\"true\" class=\"flaticon-up-arrow\"><\/i>                                                            <\/span>\r\n                        <\/span>\r\n                                    <\/button>\r\n            <\/div>\r\n            <div id=\"collapsewhatisellanat\" class=\"accordion-collapse collapse\" aria-labelledby=\"headingwhatisellanat\"\r\n                data-bs-parent=\"#rtaccordion-1\">\r\n                <div class=\"panel-body\">\r\n                    <p data-start=\"241\" data-end=\"454\">Ellanat ist ein weltweites Branchenverzeichnis, das Nutzern hilft, vertrauensw\u00fcrdige lokale Unternehmen, Dienstleistungen und Fachleute in allen Provinzen zu finden. Es verbindet Kunden schnell und zuverl\u00e4ssig mit gepr\u00fcften Unternehmen.<\/p><h3 data-start=\"456\" data-end=\"499\">\u00a0<\/h3>                <\/div>\r\n            <\/div>\r\n        <\/div>\r\n                <div class=\"panel panel-default\">\r\n            <div class=\"panel-heading\" id=\"headinghowdoesellanathelplocalbusinesses\">\r\n                <button class=\"accordion-button collapsed right\" type=\"button\" data-bs-toggle=\"collapse\"\r\n                    data-bs-target=\"#collapsehowdoesellanathelplocalbusinesses\" aria-expanded=\"true\" aria-controls=\"collapsehowdoesellanathelplocalbusinesses\">\r\n                    Wie unterst\u00fctzt Ellanat lokale Unternehmen?                                            <span class=\"rtin-accordion-icon\">\r\n                            <span class=\"rtin-icon rt-icon-closed\">\r\n                                                                    <i aria-hidden=\"true\" class=\"flaticon-down-arrow\"><\/i>                                                            <\/span>\r\n                        \r\n                            <span class=\"rtin-icon rt-icon-opened\">\r\n                                                                    <i aria-hidden=\"true\" class=\"flaticon-up-arrow\"><\/i>                                                            <\/span>\r\n                        <\/span>\r\n                                    <\/button>\r\n            <\/div>\r\n            <div id=\"collapsehowdoesellanathelplocalbusinesses\" class=\"accordion-collapse collapse\" aria-labelledby=\"headinghowdoesellanathelplocalbusinesses\"\r\n                data-bs-parent=\"#rtaccordion-1\">\r\n                <div class=\"panel-body\">\r\n                    <p data-start=\"500\" data-end=\"669\">Ellanat bietet lokalen Unternehmen eine Online-Pr\u00e4senz und erleichtert es ihnen so, neue Kunden zu erreichen, Glaubw\u00fcrdigkeit aufzubauen und \u00fcber ihren lokalen Markt hinaus \u2013 sogar international \u2013 zu expandieren.<\/p><h3 data-start=\"671\" data-end=\"721\">\u00a0<\/h3>                <\/div>\r\n            <\/div>\r\n        <\/div>\r\n                <div class=\"panel panel-default\">\r\n            <div class=\"panel-heading\" id=\"headingisellanatonlyforbusinessesinafghanistan\">\r\n                <button class=\"accordion-button collapsed right\" type=\"button\" data-bs-toggle=\"collapse\"\r\n                    data-bs-target=\"#collapseisellanatonlyforbusinessesinafghanistan\" aria-expanded=\"true\" aria-controls=\"collapseisellanatonlyforbusinessesinafghanistan\">\r\n                    Ist Ellanat nur f\u00fcr Unternehmen in Afghanistan?                                            <span class=\"rtin-accordion-icon\">\r\n                            <span class=\"rtin-icon rt-icon-closed\">\r\n                                                                    <i aria-hidden=\"true\" class=\"flaticon-down-arrow\"><\/i>                                                            <\/span>\r\n                        \r\n                            <span class=\"rtin-icon rt-icon-opened\">\r\n                                                                    <i aria-hidden=\"true\" class=\"flaticon-up-arrow\"><\/i>                                                            <\/span>\r\n                        <\/span>\r\n                                    <\/button>\r\n            <\/div>\r\n            <div id=\"collapseisellanatonlyforbusinessesinafghanistan\" class=\"accordion-collapse collapse\" aria-labelledby=\"headingisellanatonlyforbusinessesinafghanistan\"\r\n                data-bs-parent=\"#rtaccordion-1\">\r\n                <div class=\"panel-body\">\r\n                    <p>Ellanat konzentriert sich auf die F\u00f6rderung afghanischer Unternehmen, ist aber weltweit zug\u00e4nglich. Jeder kann von \u00fcberall aus nach auf Ellanat gelisteten Unternehmen suchen, diese entdecken und mit ihnen in Kontakt treten.<\/p>                <\/div>\r\n            <\/div>\r\n        <\/div>\r\n                <div class=\"panel panel-default\">\r\n            <div class=\"panel-heading\" id=\"headinghowcanifindbusinessesonellanat\">\r\n                <button class=\"accordion-button collapsed right\" type=\"button\" data-bs-toggle=\"collapse\"\r\n                    data-bs-target=\"#collapsehowcanifindbusinessesonellanat\" aria-expanded=\"true\" aria-controls=\"collapsehowcanifindbusinessesonellanat\">\r\n                    Wie kann ich Unternehmen auf Ellanat finden?                                            <span class=\"rtin-accordion-icon\">\r\n                            <span class=\"rtin-icon rt-icon-closed\">\r\n                                                                    <i aria-hidden=\"true\" class=\"flaticon-down-arrow\"><\/i>                                                            <\/span>\r\n                        \r\n                            <span class=\"rtin-icon rt-icon-opened\">\r\n                                                                    <i aria-hidden=\"true\" class=\"flaticon-up-arrow\"><\/i>                                                            <\/span>\r\n                        <\/span>\r\n                                    <\/button>\r\n            <\/div>\r\n            <div id=\"collapsehowcanifindbusinessesonellanat\" class=\"accordion-collapse collapse\" aria-labelledby=\"headinghowcanifindbusinessesonellanat\"\r\n                data-bs-parent=\"#rtaccordion-1\">\r\n                <div class=\"panel-body\">\r\n                    <p>Sie k\u00f6nnen nach Firmennamen, Kategorie, Dienstleistungsart oder Standort suchen. Mit Ellanat finden Sie innerhalb von Sekunden relevante Unternehmen in Ihrer Provinz oder Stadt.<\/p>                <\/div>\r\n            <\/div>\r\n        <\/div>\r\n                <div class=\"panel panel-default\">\r\n            <div class=\"panel-heading\" id=\"headinghowcanbusinessesgetlistedonellanat\">\r\n                <button class=\"accordion-button collapsed right\" type=\"button\" data-bs-toggle=\"collapse\"\r\n                    data-bs-target=\"#collapsehowcanbusinessesgetlistedonellanat\" aria-expanded=\"true\" aria-controls=\"collapsehowcanbusinessesgetlistedonellanat\">\r\n                    Wie k\u00f6nnen Unternehmen bei Ellanat gelistet werden?                                            <span class=\"rtin-accordion-icon\">\r\n                            <span class=\"rtin-icon rt-icon-closed\">\r\n                                                                    <i aria-hidden=\"true\" class=\"flaticon-down-arrow\"><\/i>                                                            <\/span>\r\n                        \r\n                            <span class=\"rtin-icon rt-icon-opened\">\r\n                                                                    <i aria-hidden=\"true\" class=\"flaticon-up-arrow\"><\/i>                                                            <\/span>\r\n                        <\/span>\r\n                                    <\/button>\r\n            <\/div>\r\n            <div id=\"collapsehowcanbusinessesgetlistedonellanat\" class=\"accordion-collapse collapse\" aria-labelledby=\"headinghowcanbusinessesgetlistedonellanat\"\r\n                data-bs-parent=\"#rtaccordion-1\">\r\n                <div class=\"panel-body\">\r\n                    <p data-start=\"1462\" data-end=\"1640\">Unternehmen k\u00f6nnen sich bei Ellanat registrieren, indem sie ein Profil erstellen und ihre Dienstleistungen, Kontaktdaten und ihren Standort hinzuf\u00fcgen. Dadurch werden sie in den Suchergebnissen besser gefunden und erreichen mehr Kunden.<\/p>                <\/div>\r\n            <\/div>\r\n        <\/div>\r\n            <\/div>\r\n<\/div>\t\t\t\t<\/div>\n\t\t\t\t<\/div>\n\t\t\t\t\t<\/div>\n\t\t<\/div>\n\t\t\t\t\t<\/div>\n\t\t<\/section>\n\t\t\t\t<\/div>","protected":false},"excerpt":{"rendered":"<p>What is Ellanat? Ellanat is a worldwide business directory that helps people discover trusted local businesses, services, and professionals across every province. It connects customers with verified companies quickly and reliably. \u00a0 How does Ellanat help local businesses? Ellanat gives local businesses an online presence, making it easier to reach new customers, build credibility, and<\/p>","protected":false},"author":1,"featured_media":0,"parent":0,"menu_order":0,"comment_status":"closed","ping_status":"closed","template":"elementor_header_footer","meta":{"_rtcl_gb_attr":"","footnotes":""},"class_list":["post-2207","page","type-page","status-publish","hentry"],"_links":{"self":[{"href":"https:\/\/ellanat.com\/de\/wp-json\/wp\/v2\/pages\/2207","targetHints":{"allow":["GET"]}}],"collection":[{"href":"https:\/\/ellanat.com\/de\/wp-json\/wp\/v2\/pages"}],"about":[{"href":"https:\/\/ellanat.com\/de\/wp-json\/wp\/v2\/types\/page"}],"author":[{"embeddable":true,"href":"https:\/\/ellanat.com\/de\/wp-json\/wp\/v2\/users\/1"}],"replies":[{"embeddable":true,"href":"https:\/\/ellanat.com\/de\/wp-json\/wp\/v2\/comments?post=2207"}],"version-history":[{"count":6,"href":"https:\/\/ellanat.com\/de\/wp-json\/wp\/v2\/pages\/2207\/revisions"}],"predecessor-version":[{"id":8789,"href":"https:\/\/ellanat.com\/de\/wp-json\/wp\/v2\/pages\/2207\/revisions\/8789"}],"wp:attachment":[{"href":"https:\/\/ellanat.com\/de\/wp-json\/wp\/v2\/media?parent=2207"}],"curies":[{"name":"wp","href":"https:\/\/api.w.org\/{rel}","templated":true}]}}